{"id":2,"date":"2017-10-22T15:00:21","date_gmt":"2017-10-22T15:00:21","guid":{"rendered":"http:\/\/vfbi.org\/?page_id=2"},"modified":"2021-11-02T10:34:11","modified_gmt":"2021-11-02T10:34:11","slug":"sample-page","status":"publish","type":"page","link":"https:\/\/vfbi.org\/","title":{"rendered":"Herzlich wilkommen."},"content":{"rendered":"<h1><strong><span style=\"color: #f0a526;\">Unterst\u00fctzen, teilhaben und<\/span><\/strong><br \/>\n<strong><span style=\"color: #f0a526;\"> von einem starken Netzwerk profitieren.<\/span><\/strong><br \/>\n<strong><span style=\"color: #f0a526;\"> Mitglied im VFBI werden.<\/span><\/strong><\/h1>\n<p><strong>Gute Gr\u00fcnde, um dabei zu sein.<\/strong><\/p>\n<p>Vor allem treffen Sie Leute, haben Spa\u00df und tun Gutes f\u00fcr Studierende<br \/>\ndes Instituts Bau und Immobilie der Hochschule Augsburg. Sie werden zu<br \/>\nTagungen und Veranstaltungen eingeladen, an welchen Sie als Mitglied des VFBI zu verg\u00fcnstigten Geb\u00fchren teilnehmen k\u00f6nnen. Weiterhin haben Sie die M\u00f6glichkeit, Ihre eigenen Kompetenzen und Ihre Ideen mit einzubringen sowie sich bzw. Ihr Unternehmen zu pr\u00e4sentieren. Dem Institut bleiben Sie verbunden und sind damit in ein professionelles Netzwerk eingebunden.<\/p>\n<p>Werden Sie Teil des Kompetenz-Netzwerks und unterst\u00fctzen Sie mit einer Mitgliedschaft die starke, vernetzte und praxisorientierte Weiterbildung am Institut Bau und Immobilie.<\/p>\n<p>&nbsp;<\/p>\n","protected":false},"excerpt":{"rendered":"<p>Unterst\u00fctzen, teilhaben und von einem starken Netzwerk profitieren. Mitglied im VFBI werden. Gute Gr\u00fcnde, um dabei zu sein. Vor allem treffen Sie Leute, haben Spa\u00df und tun Gutes f\u00fcr Studierende des Instituts Bau und Immobilie der Hochschule Augsburg. Sie werden zu Tagungen und Veranstaltungen eingeladen, an welchen Sie als Mitglied des VFBI zu verg\u00fcnstigten Geb\u00fchren &hellip; <\/p>\n<p class=\"link-more\"><a href=\"https:\/\/vfbi.org\/\" class=\"more-link\"><span class=\"screen-reader-text\">\u201eHerzlich wilkommen.\u201c<\/span> weiterlesen<\/a><\/p>\n","protected":false},"author":1,"featured_media":0,"parent":0,"menu_order":0,"comment_status":"closed","ping_status":"open","template":"","meta":{"footnotes":""},"class_list":["post-2","page","type-page","status-publish","hentry"],"_links":{"self":[{"href":"https:\/\/vfbi.org\/index.php?rest_route=\/wp\/v2\/pages\/2","targetHints":{"allow":["GET"]}}],"collection":[{"href":"https:\/\/vfbi.org\/index.php?rest_route=\/wp\/v2\/pages"}],"about":[{"href":"https:\/\/vfbi.org\/index.php?rest_route=\/wp\/v2\/types\/page"}],"author":[{"embeddable":true,"href":"https:\/\/vfbi.org\/index.php?rest_route=\/wp\/v2\/users\/1"}],"replies":[{"embeddable":true,"href":"https:\/\/vfbi.org\/index.php?rest_route=%2Fwp%2Fv2%2Fcomments&post=2"}],"version-history":[{"count":10,"href":"https:\/\/vfbi.org\/index.php?rest_route=\/wp\/v2\/pages\/2\/revisions"}],"predecessor-version":[{"id":312,"href":"https:\/\/vfbi.org\/index.php?rest_route=\/wp\/v2\/pages\/2\/revisions\/312"}],"wp:attachment":[{"href":"https:\/\/vfbi.org\/index.php?rest_route=%2Fwp%2Fv2%2Fmedia&parent=2"}],"curies":[{"name":"wp","href":"https:\/\/api.w.org\/{rel}","templated":true}]}}