{"id":218,"date":"2020-03-07T04:00:00","date_gmt":"2020-03-07T04:00:00","guid":{"rendered":"http:\/\/vfbi.org\/?page_id=218"},"modified":"2025-08-26T15:52:56","modified_gmt":"2025-08-26T15:52:56","slug":"berichte","status":"publish","type":"page","link":"https:\/\/vfbi.org\/?page_id=218","title":{"rendered":"Berichte"},"content":{"rendered":"\n<p><\/p>\n\n\n\n<p><\/p>\n\n\n\n<p><\/p>\n\n\n\n<p><strong>18. Juli 2025 | Hochschule Augsburg<\/strong><\/p>\n\n\n\n<p class=\"has-luminous-vivid-amber-color has-text-color\"><strong>MASTERARBEITEN ZU ZUKUNFTSTHEMEN<br>am Institut f\u00fcr Bau und Immobilie der Hochschule Augsburg<\/strong><\/p>\n\n\n\n<p><\/p>\n\n\n\n<figure class=\"wp-block-image size-full\"><img loading=\"lazy\" decoding=\"async\" width=\"673\" height=\"449\" src=\"https:\/\/vfbi.org\/wp-content\/uploads\/grafik.png\" alt=\"\" class=\"wp-image-407\" srcset=\"https:\/\/vfbi.org\/wp-content\/uploads\/grafik.png 673w, https:\/\/vfbi.org\/wp-content\/uploads\/grafik-300x200.png 300w\" sizes=\"auto, (max-width: 673px) 100vw, 673px\" \/><\/figure>\n\n\n\n<p>Von links nach rechts: Max Meixner (2. Vorstandsvorsitzender des VFBI), Hansj\u00f6rg B\u00fchler (Preistr\u00e4ger), Ines Angele (1. Vorstandsvorsitzende des VFBI)<\/p>\n\n\n\n<p>Foto: Matthias Leo<\/p>\n\n\n\n<p><\/p>\n\n\n\n<p>Beim diesj\u00e4hrigen Sommerfest verlieh der Verein zur F\u00f6rderung der weiterbildenden Studieng\u00e4nge des Instituts Bau und Immobilie an der Technischen Hochschule Augsburg e.V. (VFBI e.V.) erneut den VFBI-Masterpreis. Den Preis erhielt Hansj\u00f6rg B\u00fchler, M.Eng. im Studiengang Projektmanagement, Vertiefung Bau und Immobilie, f\u00fcr seine Masterarbeit zum Thema \u201eGebrauchtholz als rezyklierter Baustoff aus Geb\u00e4uder\u00fcckbau\u201c.<\/p>\n\n\n\n<p>Die Arbeit widmet sich einem hochaktuellen Thema: der nachhaltigen Ressourcennutzung im Bauwesen, konkret dem Einsatz von Gebrauchtholz aus Geb\u00e4uder\u00fcckbau als rezykliertem Baustoff.&nbsp;<\/p>\n\n\n\n<p>In einer Zeit, in der Kreislaufwirtschaft und Ressourcenschonung zentrale Herausforderungen darstellen, leistet diese Arbeit einen wichtigen Beitrag zur Frage, wie wir vorhandene Materialien intelligenter und nachhaltiger nutzen k\u00f6nnen. Herr B\u00fchler hat mit gro\u00dfer Sorgfalt und wissenschaftlicher Tiefe untersucht, welches Potenzial in Holz steckt, das aus dem R\u00fcckbau von Geb\u00e4uden stammt. Dabei wurden nicht nur Mengen und Qualit\u00e4ten analysiert, sondern auch rechtliche Rahmenbedingungen, technologische H\u00fcrden und die Akzeptanz in der Holzwirtschaft beleuchtet. Besonders beeindruckend ist die Verbindung von quantitativer Analyse mit praxisnahen Handlungsempfehlungen. Die Arbeit zeigt nicht nur die Herausforderungen auf \u2013 wie etwa die Kontamination durch Holzschutzmittel, fehlende Standards oder das Spannungsfeld zwischen Nachhaltigkeit und Wirtschaftlichkeit \u2013 sondern bietet auch konkrete Perspektiven f\u00fcr zuk\u00fcnftige Entwicklungen. Sie ist damit nicht nur ein wissenschaftlicher Beitrag, sondern auch ein Impulsgeber f\u00fcr Politik, Wirtschaft und Forschung.<\/p>\n\n\n\n<p>Wir gratulieren Hansj\u00f6rg B\u00fchler herzlich zu dieser herausragenden Leistung und bedanken uns bei allen Teilnehmenden. Wir freuen uns schon jetzt auf die n\u00e4chsten spannenden Arbeiten im kommenden Jahr!<\/p>\n\n\n\n<p><\/p>\n\n\n\n<p><\/p>\n\n\n\n<p><\/p>\n\n\n\n<p><\/p>\n\n\n\n<h4 class=\"wp-block-heading\" id=\"Masterarbeiten-2019\">19. November 2021<br>Hochschule Augsburg \/online<\/h4>\n\n\n\n<h2 class=\"wp-block-heading has-luminous-vivid-amber-color has-text-color\"><strong>MASTERARBEITEN ZU ZUKUNFTSTHEMEN<br>am Institut f\u00fcr Bau und Immobilie der Hochschule Augsburg <\/strong><\/h2>\n\n\n\n<p>Wir danken f\u00fcr die Einreichung und Bereitstellung der Arbeiten und gratulieren dem Preistr\u00e4ger Julian Danner. Ebenso m\u00f6chten wir auch unsere Anerkennung zu den Arbeiten von Sabine Stannecker, Jakob Stenzel und Hubertus Walter zum Ausdruck bringen. Vielen Dank auch an das B\u00fcro Meixner und Partner f\u00fcr die Spende der Buchpreise.<\/p>\n\n\n\n<p class=\"has-medium-font-size\"><strong>1. Preis<\/strong><\/p>\n\n\n\n<p>Julian Danner mit dem Thema <strong>Bauzeitenverl\u00e4ngerung im HOAI-Vertrag<\/strong><br><br>Da Herr Danner so freundlich war, uns seine Inhalte schon darzulegen, bedarf es dazu eigentlich keiner weiteren Erl\u00e4uterung mehr.<\/p>\n\n\n\n<p>Was hat uns also gefallen an der Arbeit des Herrn Danner?<br>Wir versuchen es einmal im Vergleich mit seinem Namensvetter Christian Danner, bekannt aus dem Motorsport, in Worte zu kleiden.<br>Herr Danner versteht es von Anfang bis Ende, konsequent und kompromisslos die Ideallinie zu halten. Die Bet\u00e4tigung von Gas, Kupplung und Bremse erfolgen harmonisch, so dass trotz hoher Geschwindigkeit ein Ruckeln des Getriebes gekonnt unterbunden werden kann.<br>Die Bef\u00fcrchtung, dass durch aufkommende G-Kr\u00e4fte aus allen Richtungen, die Fahrfreude leiden k\u00f6nnte, kann souver\u00e4n unterbunden werden, so dass sich insgesamt ein erstaunlich angenehmes Fahrerlebnis herauskristallisiert.<br>Unterschiedliche Fahrbahnoberfl\u00e4chen, die wenig ge\u00fcbte Fahrer schnell in \u00dcber- und Untersteuern strudeln lassen k\u00f6nnten, werden mit Hang zum Kurveninneren und klarer Fahrstruktur beantwortet.<br>Wieder angekommen in der Boxengasse bleibt die Hoffnung, dass die absolvierte Runde auf der Rennstrecke vielleicht auch irgendwann ihren Einfluss im t\u00e4glichen Stra\u00dfenverkehr finden kann.<\/p>\n\n\n\n<p>Wir w\u00fcnschen Herrn Julian Danner allzeit gute Fahrt und gratulieren zur verdienten Poleposition, bei der die Konkurrenten, erkennbar im R\u00fcckspiegel, nicht vergessen werden sollen!<\/p>\n\n\n\n<p class=\"has-medium-font-size\"><strong>Masterpreis<\/strong><br><strong>Julian Danner<\/strong><br><strong>Bauzeitenverl\u00e4ngerung im HOAI &#8211; Vertrag<\/strong><\/p>\n\n\n\n<p>Die Entwicklung einer durchsetzungsf\u00e4higen Anspruchsgrundlage<br>auf Mehrverg\u00fctung in der Objekt\u00fcberwachung<br>Das Thema Bauzeitenverl\u00e4ngerung im HOAI-Vertrag ist ein sehr \u201emutiges Thema\u201c aus dem Bereich des Projektmanagement in der Bauherrnebene, dass in der HOAI nicht thematisiert wird und in den meisten Vertr\u00e4gen, wenn \u00fcberhaupt, nur sehr vage verankert ist. Der Verfasser analysiert in seiner Arbeit sehr eingehend aktuelle Gerichtsurteile und leitet daraus tragf\u00e4hige L\u00f6sungsvorschl\u00e4ge ab. Die Arbeit ist auch ein sehr wichtiger Beitrag zu einer Baukultur, die einen vern\u00fcnftigen Umgang miteinander voraussetzt.<\/p>\n\n\n\n<p>Einen weiteren Bericht zur Veranstaltung gibt es auf <a href=\"https:\/\/www.hs-augsburg.de\/Architektur-und-Bauwesen\/ibi\/HSA-ibi-Best-of-IBI-2021.html\" target=\"_blank\" rel=\"noreferrer noopener\">Hochschulseite<\/a>.<\/p>\n\n\n\n<p><\/p>\n\n\n\n<p><\/p>\n\n\n\n<p><\/p>\n\n\n\n<p><\/p>\n\n\n\n<p><\/p>\n\n\n\n<h4 class=\"wp-block-heading\" id=\"Masterarbeiten-2019\">15. November 2019<br>Hochschule Augsburg \/ Geb\u00e4ude C \/ Alte Mensa <\/h4>\n\n\n\n<h2 class=\"wp-block-heading has-luminous-vivid-amber-color has-text-color\"><strong>MASTERARBEITEN ZU ZUKUNFTSTHEMEN<br>am Institut f\u00fcr Bau und Immobilie der Hochschule Augsburg <\/strong><\/h2>\n\n\n\n<figure class=\"wp-block-image size-large is-resized\"><img loading=\"lazy\" decoding=\"async\" width=\"1024\" height=\"683\" src=\"http:\/\/vfbi.org\/wp-content\/uploads\/IMG_3353-1024x683.jpg\" alt=\"\" class=\"wp-image-222\" style=\"width:658px;height:439px\" srcset=\"https:\/\/vfbi.org\/wp-content\/uploads\/IMG_3353-1024x683.jpg 1024w, https:\/\/vfbi.org\/wp-content\/uploads\/IMG_3353-300x200.jpg 300w, https:\/\/vfbi.org\/wp-content\/uploads\/IMG_3353-768x512.jpg 768w, https:\/\/vfbi.org\/wp-content\/uploads\/IMG_3353-1536x1024.jpg 1536w, https:\/\/vfbi.org\/wp-content\/uploads\/IMG_3353-2048x1365.jpg 2048w\" sizes=\"auto, (max-width: 767px) 89vw, (max-width: 1000px) 54vw, (max-width: 1071px) 543px, 580px\" \/><\/figure>\n\n\n\n<p>Leicht getan hatte sich das Juroren-Team in diesem Jahr sicherlich nicht. Die eingereichten Masterarbeiten \u00fcberzeugten allesamt mit einer wahrlich lobenswerten Ausarbeitungstiefe, die wieder einmal die Hohe Qualit\u00e4t der Ausbildung und der Absolventen widerspiegelte. Ein gro\u00dfes Lob an alle Masterabsolventen f\u00fcr Ihre bemerkenswerten Leistungen! Und doch musste am Ende des Tages die Jury eine Entscheidung treffen. Durch die bereits angesprochene hohe Gesamtqualit\u00e4t galt es in diesem Jahr gleich zwei erste Preise zu vergeben, an die Absolventen Frau Estrella Festa (Prozesse der Projektentwicklung unter den besonderen Rahmenbedingungen der st\u00e4dtischen Areale der Landeshauptstadt M\u00fcnchen) und Herr Bj\u00f6rn Nemitz (Prozesskonzeption eines digital unterst\u00fctzten Erwerbersonderwunsch-Managements f\u00fcr Generalunternehmer), sowie ein Dritter Platz an Herrn Janos Antalics (Lebenszykluskostenbetrachtung als Werkzeug f\u00fcr das Entscheidungsmanagement &#8211; Planungsbegleitendes FM bei derErweiterung einer Grundschule zur offenen Ganztagsschule). Auch an dieser Stelle noch einmal unsere herzliche Gratulation! Dies gibt uns Anlass, uns schon heute auf die Anw\u00e4rter im n\u00e4chsten Jahr zu freuen, viel Erfolg bei der Erstellung!<\/p>\n\n\n\n<figure class=\"wp-block-gallery has-nested-images columns-default is-cropped wp-block-gallery-1 is-layout-flex wp-block-gallery-is-layout-flex\">\n<figure class=\"wp-block-image size-large\"><img loading=\"lazy\" decoding=\"async\" width=\"1024\" height=\"683\" data-id=\"233\" src=\"https:\/\/vfbi.org\/wp-content\/uploads\/IMG_3335-1-1024x683.jpg\" alt=\"\" class=\"wp-image-233\" srcset=\"https:\/\/vfbi.org\/wp-content\/uploads\/IMG_3335-1-1024x683.jpg 1024w, https:\/\/vfbi.org\/wp-content\/uploads\/IMG_3335-1-300x200.jpg 300w, https:\/\/vfbi.org\/wp-content\/uploads\/IMG_3335-1-768x512.jpg 768w, https:\/\/vfbi.org\/wp-content\/uploads\/IMG_3335-1-1536x1024.jpg 1536w, https:\/\/vfbi.org\/wp-content\/uploads\/IMG_3335-1-2048x1365.jpg 2048w\" sizes=\"auto, (max-width: 767px) 89vw, (max-width: 1000px) 54vw, (max-width: 1071px) 543px, 580px\" \/><\/figure>\n\n\n\n<figure class=\"wp-block-image size-large\"><img loading=\"lazy\" decoding=\"async\" width=\"1024\" height=\"683\" data-id=\"235\" src=\"https:\/\/vfbi.org\/wp-content\/uploads\/IMG_3341-2-1024x683.jpg\" alt=\"\" class=\"wp-image-235\" srcset=\"https:\/\/vfbi.org\/wp-content\/uploads\/IMG_3341-2-1024x683.jpg 1024w, https:\/\/vfbi.org\/wp-content\/uploads\/IMG_3341-2-300x200.jpg 300w, https:\/\/vfbi.org\/wp-content\/uploads\/IMG_3341-2-768x512.jpg 768w, https:\/\/vfbi.org\/wp-content\/uploads\/IMG_3341-2-1536x1024.jpg 1536w, https:\/\/vfbi.org\/wp-content\/uploads\/IMG_3341-2-2048x1365.jpg 2048w\" sizes=\"auto, (max-width: 767px) 89vw, (max-width: 1000px) 54vw, (max-width: 1071px) 543px, 580px\" \/><\/figure>\n\n\n\n<figure class=\"wp-block-image size-large\"><img loading=\"lazy\" decoding=\"async\" width=\"1024\" height=\"683\" data-id=\"236\" src=\"https:\/\/vfbi.org\/wp-content\/uploads\/IMG_3344-1024x683.jpg\" alt=\"\" class=\"wp-image-236\" srcset=\"https:\/\/vfbi.org\/wp-content\/uploads\/IMG_3344-1024x683.jpg 1024w, https:\/\/vfbi.org\/wp-content\/uploads\/IMG_3344-300x200.jpg 300w, https:\/\/vfbi.org\/wp-content\/uploads\/IMG_3344-768x512.jpg 768w, https:\/\/vfbi.org\/wp-content\/uploads\/IMG_3344-1536x1024.jpg 1536w, https:\/\/vfbi.org\/wp-content\/uploads\/IMG_3344-2048x1365.jpg 2048w\" sizes=\"auto, (max-width: 767px) 89vw, (max-width: 1000px) 54vw, (max-width: 1071px) 543px, 580px\" \/><\/figure>\n<\/figure>\n\n\n\n<p>Ein weiterer Bericht dazu gibt es auf <a href=\"https:\/\/www.hs-augsburg.de\/Architektur-und-Bauwesen\/ibi\/Masterarbeiten-zu-Zukunftsthemen-am-Institut-fuer-Bau-und-Immobilie-der-Hochschule-Augsburg.html\" target=\"_blank\" rel=\"noreferrer noopener\">Hochschulseite<\/a>.<\/p>\n","protected":false},"excerpt":{"rendered":"<p>18. Juli 2025 | Hochschule Augsburg MASTERARBEITEN ZU ZUKUNFTSTHEMENam Institut f\u00fcr Bau und Immobilie der Hochschule Augsburg Von links nach rechts: Max Meixner (2. Vorstandsvorsitzender des VFBI), Hansj\u00f6rg B\u00fchler (Preistr\u00e4ger), Ines Angele (1. Vorstandsvorsitzende des VFBI) Foto: Matthias Leo Beim diesj\u00e4hrigen Sommerfest verlieh der Verein zur F\u00f6rderung der weiterbildenden Studieng\u00e4nge des Instituts Bau und Immobilie &hellip; <\/p>\n<p class=\"link-more\"><a href=\"https:\/\/vfbi.org\/?page_id=218\" class=\"more-link\"><span class=\"screen-reader-text\">\u201eBerichte\u201c<\/span> weiterlesen<\/a><\/p>\n","protected":false},"author":1,"featured_media":0,"parent":2,"menu_order":1,"comment_status":"closed","ping_status":"closed","template":"","meta":{"footnotes":""},"class_list":["post-218","page","type-page","status-publish","hentry"],"_links":{"self":[{"href":"https:\/\/vfbi.org\/index.php?rest_route=\/wp\/v2\/pages\/218","targetHints":{"allow":["GET"]}}],"collection":[{"href":"https:\/\/vfbi.org\/index.php?rest_route=\/wp\/v2\/pages"}],"about":[{"href":"https:\/\/vfbi.org\/index.php?rest_route=\/wp\/v2\/types\/page"}],"author":[{"embeddable":true,"href":"https:\/\/vfbi.org\/index.php?rest_route=\/wp\/v2\/users\/1"}],"replies":[{"embeddable":true,"href":"https:\/\/vfbi.org\/index.php?rest_route=%2Fwp%2Fv2%2Fcomments&post=218"}],"version-history":[{"count":22,"href":"https:\/\/vfbi.org\/index.php?rest_route=\/wp\/v2\/pages\/218\/revisions"}],"predecessor-version":[{"id":411,"href":"https:\/\/vfbi.org\/index.php?rest_route=\/wp\/v2\/pages\/218\/revisions\/411"}],"up":[{"embeddable":true,"href":"https:\/\/vfbi.org\/index.php?rest_route=\/wp\/v2\/pages\/2"}],"wp:attachment":[{"href":"https:\/\/vfbi.org\/index.php?rest_route=%2Fwp%2Fv2%2Fmedia&parent=218"}],"curies":[{"name":"wp","href":"https:\/\/api.w.org\/{rel}","templated":true}]}}