{"id":26,"date":"2017-10-22T14:52:36","date_gmt":"2017-10-22T14:52:36","guid":{"rendered":"http:\/\/vfbi.org\/?page_id=26"},"modified":"2025-10-24T09:08:53","modified_gmt":"2025-10-24T09:08:53","slug":"impressum-2","status":"publish","type":"page","link":"https:\/\/vfbi.org\/?page_id=26","title":{"rendered":"Impressum"},"content":{"rendered":"<h3>Mitgliedschaft:<\/h3>\n<p>Bei Interesse an einer Mitgliedschaft bitte den <a href=\"http:\/\/vfbi.org\/wp-content\/uploads\/VFBI-Aufnahmeantrag-neu-2023.pdf\" target=\"_blank\" rel=\"noopener noreferrer\">Aufnahmeantrag<\/a> ausf\u00fcllen und per Post an die nachfolgende Anschrift senden. F\u00fcr weitere Details steht auch die aktuelle <a href=\"http:\/\/vfbi.org\/wp-content\/uploads\/2017\/11\/Satzung-VFBI-13.07.2012.pdf\" target=\"_blank\" rel=\"noopener noreferrer\">Satzung<\/a> zur Verf\u00fcgung.<\/p>\n<h3>Name und Anschrift:<\/h3>\n<p>Verein zur F\u00f6rderung der weiterbildenden Studieng\u00e4nge des Instituts Bau und Immobilie an der Hochschule Augsburg e.V.<br \/>\nAn der Hochschule 1<br \/>\n86161 Augsburg<\/p>\n<h3>E-Mail-Adresse:<\/h3>\n<p>Vorst\u00e4nde:<br \/>\nLucia \u00d6xler<br \/>\nMax Meixner<\/p>\n<p><img loading=\"lazy\" decoding=\"async\" class=\"alignnone size-full wp-image-64\" src=\"http:\/\/vfbi.org\/wp-content\/uploads\/2017\/10\/vorstand.png\" alt=\"\" width=\"148\" height=\"26\" \/><\/p>\n<p>Inhaltlich verantwortlich:<br \/>\nMichael Hund<\/p>\n<p><img loading=\"lazy\" decoding=\"async\" class=\"alignnone size-full wp-image-63\" src=\"http:\/\/vfbi.org\/wp-content\/uploads\/2017\/10\/webmaster.png\" alt=\"\" width=\"164\" height=\"23\" \/><\/p>\n<h3>Copyright<\/h3>\n<p>Kopie und Weiterverwendung von Text und Graphik erfordert die Zustimmung des VFBI.<\/p>\n<h3>Fotos | Bild- und Urheberrechte<\/h3>\n<p>Michel Hund<br \/>\nMatthias Leo<\/p>\n<h3>Ohne Gew\u00e4hr<\/h3>\n<p>\u00c4nderungen m\u00fcssen vorbehalten bleiben.<\/p>\n<h3>Haftungsausschluss<\/h3>\n<p>Der VFBI bem\u00fcht sich um Sorgfalt bei der Auswahl der Verlinkung, hat aber selbst keinerlei Einfluss auf die Inhalte oder die Gestaltung der gelinkten Seiten. Der VFBI \u00fcbernimmt keinerlei Verantwortung f\u00fcr die Inhalte von Internetseiten, auf deren URL in unseren Seiten verwiesen wird. Diese Erkl\u00e4rung gilt f\u00fcr alle auf unseren Seiten angebrachten Links und f\u00fcr die Inhalte aller Seiten, zu denen die angebrachten Links f\u00fchren.<\/p>\n<h3>Regeln<\/h3>\n<p>Die Darstellung des VFBI enth\u00e4lt auch individuell gestaltete Seiten, die in der Verantwortung der jeweiligen Autoren stehen. Auf diesen Seiten d\u00fcrfen keine Inhalte enthalten sein, die dem Ansehen des Vereins schaden. Der Vorstand beh\u00e4lt sich vor, bei Nichtbeachten dieser Regeln Ma\u00dfnahmen zu ergreifen.<\/p>\n<h3>Gender-Hinweis<\/h3>\n<p>Im Sinne einer besseren Lesbarkeit der Texte wird von uns h\u00e4ufig entweder die m\u00e4nnliche oder weibliche Form von personenbezogenen Substantiven gew\u00e4hlt. Dies impliziert keinesfalls eine Benachteiligung des jeweils anderen Geschlechts.<\/p>\n<h3>Datenschutzerkl\u00e4rung<\/h3>\n<p>Im Rahmen des Besuchs der Webseiten des VFBI werden Daten wie IP-Adresse, Browser- und Systeminformationen protokolliert und f\u00fcr statistische Auswertungen gespeichert.<br \/>\nAusf\u00fchrliche Details finden Sie auf der Unterseite <a href=\"http:\/\/vfbi.org\/?page_id=158\">Datenschutzerkl\u00e4rung<\/a><\/p>\n<h3>Content-Management-System<\/h3>\n<p>Michael Hund<\/p>\n<div class=\"px202\"><\/div>\n","protected":false},"excerpt":{"rendered":"<p>Mitgliedschaft: Bei Interesse an einer Mitgliedschaft bitte den Aufnahmeantrag ausf\u00fcllen und per Post an die nachfolgende Anschrift senden. F\u00fcr weitere Details steht auch die aktuelle Satzung zur Verf\u00fcgung. Name und Anschrift: Verein zur F\u00f6rderung der weiterbildenden Studieng\u00e4nge des Instituts Bau und Immobilie an der Hochschule Augsburg e.V. An der Hochschule 1 86161 Augsburg E-Mail-Adresse: Vorst\u00e4nde: &hellip; <\/p>\n<p class=\"link-more\"><a href=\"https:\/\/vfbi.org\/?page_id=26\" class=\"more-link\"><span class=\"screen-reader-text\">\u201eImpressum\u201c<\/span> weiterlesen<\/a><\/p>\n","protected":false},"author":1,"featured_media":0,"parent":2,"menu_order":3,"comment_status":"closed","ping_status":"closed","template":"","meta":{"footnotes":""},"class_list":["post-26","page","type-page","status-publish","hentry"],"_links":{"self":[{"href":"https:\/\/vfbi.org\/index.php?rest_route=\/wp\/v2\/pages\/26","targetHints":{"allow":["GET"]}}],"collection":[{"href":"https:\/\/vfbi.org\/index.php?rest_route=\/wp\/v2\/pages"}],"about":[{"href":"https:\/\/vfbi.org\/index.php?rest_route=\/wp\/v2\/types\/page"}],"author":[{"embeddable":true,"href":"https:\/\/vfbi.org\/index.php?rest_route=\/wp\/v2\/users\/1"}],"replies":[{"embeddable":true,"href":"https:\/\/vfbi.org\/index.php?rest_route=%2Fwp%2Fv2%2Fcomments&post=26"}],"version-history":[{"count":30,"href":"https:\/\/vfbi.org\/index.php?rest_route=\/wp\/v2\/pages\/26\/revisions"}],"predecessor-version":[{"id":415,"href":"https:\/\/vfbi.org\/index.php?rest_route=\/wp\/v2\/pages\/26\/revisions\/415"}],"up":[{"embeddable":true,"href":"https:\/\/vfbi.org\/index.php?rest_route=\/wp\/v2\/pages\/2"}],"wp:attachment":[{"href":"https:\/\/vfbi.org\/index.php?rest_route=%2Fwp%2Fv2%2Fmedia&parent=26"}],"curies":[{"name":"wp","href":"https:\/\/api.w.org\/{rel}","templated":true}]}}